{"id":10,"date":"2023-03-10T09:10:37","date_gmt":"2023-03-10T09:10:37","guid":{"rendered":"https:\/\/www.jprogressgroup.cz\/?page_id=10"},"modified":"2023-06-25T07:57:08","modified_gmt":"2023-06-25T07:57:08","slug":"hlavni-strana","status":"publish","type":"page","link":"https:\/\/www.jprogressgroup.cz\/","title":{"rendered":"hlavn\u00ed strana"},"content":{"rendered":"<h1>Slu\u017eby,<br \/>kter\u00e9 ocen\u00edte<\/h1>\n<div>\n<p>Na\u0161e spole\u010dnost se specializuje na velkoobchodn\u00ed a maloobchodn\u00ed \u010dinnost se zam\u011b\u0159en\u00edm na marketingovou kreativu na m\u00edru. Zpracujeme pro v\u00e1s vizu\u00e1ln\u00ed identitu a pom\u016f\u017eeme v\u00e1m s vytvo\u0159en\u00edm marketingov\u00e9 strategie na m\u00edru.<\/p>\n<\/div>\n<p><a href=\"#\"><img decoding=\"async\" src=\"\/wp-content\/uploads\/2023\/03\/creative-architecture-design-tri-fold-brochure-template-15201-trans.png\" alt=\"\"><\/a><br \/>\n<img decoding=\"async\" src=\"\/wp-content\/uploads\/2023\/03\/creative-architecture-design-tri-fold-brochure-template-15201-trans.png\" alt=\"\"><\/p>\n<h2>Slu\u017eby<\/h2>\n<div>\n<p>Mezi na\u0161e hlavn\u00ed slu\u017eby pat\u0159\u00ed p\u0159edev\u0161\u00edm:<\/p>\n<ul>\n<li>tvorba merketingov\u00fdch strategi\u00ed<\/li>\n<li>tvorba grafiky pro r\u016fzn\u00e9 \u00fa\u010dely<\/li>\n<li>tvorba vizu\u00e1ln\u00ed identity spole\u010dnost\u00ed<\/li>\n<li>konzultace k individu\u00e1ln\u00edm projekt\u016fm<\/li>\n<\/ul>\n<\/div>\n<p>\n    <a href=\"#kontakty\">Poptejte n\u00e1s<\/a>\n<\/p>\n<h2>Kontakty<\/h2>\n<div>\n<h3>Jprogressgroup s.r.o.<\/h3>\n<p>Borsk\u00e1 22, Plze\u0148, <br \/>I\u010cO &#8211; 09974539,<\/p>\n<p>Jednatel: Michal Jire\u0161, <br \/>Tel: <a href=\"tel:774943628\">774 943628<\/a> <br \/>Email: <a href=\"mailto:jiresmisa@seznam.cz\">jiresmisa@seznam.cz<\/a><\/p>\n<\/div>\n<div>\n<p>49.7394317,13.3633611<\/p>\n<h3>Jprogressgroup s.r.o.<\/h3>\n<\/div>\n<p><!--more--><br \/>\n<!-- {\"type\":\"layout\",\"children\":[{\"type\":\"section\",\"props\":{\"header_transparent\":\"light\",\"image\":\"https:\\\/\\\/demo.yootheme.com\\\/demo\\\/matthew-taylor\\\/images\\\/styles\\\/dark-yellow\\\/writing-bg-01.svg\",\"image_loading\":true,\"image_position\":\"top-center\",\"image_size\":\"cover\",\"media_visibility\":\"m\",\"padding\":\"large\",\"style\":\"default\",\"title_breakpoint\":\"xl\",\"title_position\":\"top-left\",\"title_rotation\":\"left\",\"vertical_align\":\"middle\",\"width\":\"large\"},\"children\":[{\"type\":\"row\",\"children\":[{\"type\":\"column\",\"props\":{\"image_position\":\"center-center\",\"media_overlay_gradient\":\"\",\"position_sticky_breakpoint\":\"m\",\"width_medium\":\"1-1\"},\"children\":[{\"type\":\"headline\",\"props\":{\"content\":\"Slu\\u017eby,<br \\\/>kter\\u00e9 ocen\\u00edte\",\"title_element\":\"h1\",\"title_style\":\"heading-large\"}},{\"type\":\"text\",\"props\":{\"column_breakpoint\":\"m\",\"content\":\"\n\n<p>Na\\u0161e spole\\u010dnost se specializuje na velkoobchodn\\u00ed a maloobchodn\\u00ed \\u010dinnost se zam\\u011b\\u0159en\\u00edm na marketingovou kreativu na m\\u00edru. Zpracujeme pro v\\u00e1s vizu\\u00e1ln\\u00ed identitu a pom\\u016f\\u017eeme v\\u00e1m s vytvo\\u0159en\\u00edm marketingov\\u00e9 strategie na m\\u00edru.<\\\/p>\",\"margin\":\"large\",\"maxwidth\":\"2xlarge\",\"text_style\":\"lead\"}}]}]}],\"name\":\"Hero\"},{\"type\":\"section\",\"props\":{\"id\":\"sluzby\",\"image_position\":\"center-center\",\"style\":\"muted\",\"title_breakpoint\":\"xl\",\"title_position\":\"top-left\",\"title_rotation\":\"left\",\"vertical_align\":\"middle\",\"width\":\"xlarge\"},\"children\":[{\"type\":\"row\",\"props\":{\"layout\":\"1-2,1-2\"},\"children\":[{\"type\":\"column\",\"props\":{\"image_position\":\"center-center\",\"media_overlay_gradient\":\"\",\"position_sticky_breakpoint\":\"m\",\"width_small\":\"1-2\"},\"children\":[{\"type\":\"image\",\"props\":{\"animation\":\"parallax\",\"image\":\"wp-content\\\/uploads\\\/2023\\\/03\\\/creative-architecture-design-tri-fold-brochure-template-15201-trans.png\",\"image_loading\":true,\"image_svg_color\":\"emphasis\",\"link\":\"#\",\"margin\":\"default\",\"parallax_breakpoint\":\"l\",\"parallax_easing\":\"1\",\"parallax_y\":\"-15vh,-1vh\",\"position\":\"absolute\",\"visibility\":\"m\"}},{\"type\":\"image\",\"props\":{\"class\":\"\",\"image\":\"wp-content\\\/uploads\\\/2023\\\/03\\\/creative-architecture-design-tri-fold-brochure-template-15201-trans.png\",\"image_svg_color\":\"emphasis\",\"margin\":\"default\",\"visibility\":\"hidden-m\"}}]},{\"type\":\"column\",\"props\":{\"image_position\":\"center-center\",\"media_overlay_gradient\":\"\",\"position_sticky_breakpoint\":\"m\",\"vertical_align\":\"middle\",\"width_small\":\"1-2\"},\"children\":[{\"type\":\"headline\",\"props\":{\"content\":\"Slu\\u017eby\",\"title_element\":\"h2\",\"title_style\":\"h1\"}},{\"type\":\"text\",\"props\":{\"column_breakpoint\":\"m\",\"content\":\"\n\n<p>Mezi na\\u0161e hlavn\\u00ed slu\\u017eby pat\\u0159\\u00ed p\\u0159edev\\u0161\\u00edm:<\\\/p>\\n\n\n<ul>\\n\n\n<li>tvorba merketingov\\u00fdch strategi\\u00ed<\\\/li>\\n\n\n<li>tvorba grafiky pro r\\u016fzn\\u00e9 \\u00fa\\u010dely<\\\/li>\\n\n\n<li>tvorba vizu\\u00e1ln\\u00ed identity spole\\u010dnost\\u00ed<\\\/li>\\n\n\n<li>konzultace k individu\\u00e1ln\\u00edm projekt\\u016fm<\\\/li>\\n<\\\/ul>\\n\n\n<p><\\\/p>\",\"margin\":\"medium\",\"maxwidth\":\"large\"}},{\"type\":\"button\",\"props\":{\"grid_column_gap\":\"small\",\"grid_row_gap\":\"small\",\"margin\":\"\"},\"children\":[{\"type\":\"button_item\",\"props\":{\"button_style\":\"primary\",\"content\":\"Poptejte n\\u00e1s\",\"icon_align\":\"left\",\"link\":\"#kontakty\"}}]}]}]}],\"name\":\"Call to Action\"},{\"type\":\"section\",\"props\":{\"id\":\"kontakty\",\"image\":\"https:\\\/\\\/demo.yootheme.com\\\/demo\\\/matthew-taylor\\\/images\\\/styles\\\/dark-yellow\\\/writing-bg-02.svg\",\"image_position\":\"center-center\",\"image_size\":\"cover\",\"padding\":\"xlarge\",\"style\":\"default\",\"title_breakpoint\":\"xl\",\"title_position\":\"top-left\",\"title_rotation\":\"left\",\"vertical_align\":\"middle\",\"width\":\"large\"},\"children\":[{\"type\":\"row\",\"children\":[{\"type\":\"column\",\"props\":{\"image_position\":\"center-center\",\"media_overlay_gradient\":\"\",\"position_sticky_breakpoint\":\"m\"},\"children\":[{\"type\":\"headline\",\"props\":{\"content\":\"Kontakty\",\"margin\":\"large\",\"title_element\":\"h2\"}}]}]},{\"type\":\"row\",\"props\":{\"column_gap\":\"large\",\"divider\":false,\"layout\":\"1-2,1-2\",\"row_gap\":\"large\",\"width\":\"default\"},\"children\":[{\"type\":\"column\",\"props\":{\"image_position\":\"center-center\",\"media_overlay_gradient\":\"\",\"position_sticky_breakpoint\":\"m\",\"width_medium\":\"1-2\"},\"children\":[{\"type\":\"text\",\"props\":{\"column_breakpoint\":\"m\",\"content\":\"\n\n<h3>Jprogressgroup s.r.o.<\\\/h3>\\n\n\n<p>Borsk\\u00e1 22, Plze\\u0148, <br \\\/>I\\u010cO - 09974539,<\\\/p>\\n\n\n<p>Jednatel: Michal Jire\\u0161, <br \\\/>Tel: <a href=\\\"tel:774943628\\\">774 943628<\\\/a> <br \\\/>Email: <a href=\\\"mailto:jiresmisa@seznam.cz\\\">jiresmisa@seznam.cz<\\\/a><\\\/p>\",\"margin\":\"default\"}}]},{\"type\":\"column\",\"props\":{\"image_position\":\"center-center\",\"media_overlay_gradient\":\"\",\"position_sticky_breakpoint\":\"m\",\"width_medium\":\"1-2\"},\"children\":[{\"type\":\"map\",\"props\":{\"controls\":true,\"dragging\":false,\"image_svg_color\":\"emphasis\",\"link_style\":\"default\",\"link_text\":\"Read more\",\"margin\":\"default\",\"max_zoom\":18,\"meta_align\":\"below-title\",\"meta_element\":\"div\",\"meta_style\":\"text-meta\",\"min_zoom\":0,\"poi\":false,\"show_content\":true,\"show_image\":true,\"show_link\":true,\"show_meta\":true,\"show_title\":true,\"title_element\":\"h3\",\"title_hover_style\":\"reset\",\"type\":\"roadmap\",\"zoom\":10,\"zooming\":false},\"children\":[{\"type\":\"map_item\",\"props\":{\"location\":\"49.7394317,13.3633611\",\"title\":\"Jprogressgroup s.r.o.\"}}]}]}]}],\"name\":\"Posts\"}],\"version\":\"3.0.25\"} --><\/p>\n","protected":false},"excerpt":{"rendered":"<p>Slu\u017eby,kter\u00e9 ocen\u00edte Na\u0161e spole\u010dnost se specializuje na velkoobchodn\u00ed a maloobchodn\u00ed \u010dinnost se zam\u011b\u0159en\u00edm na marketingovou kreativu na m\u00edru. Zpracujeme pro v\u00e1s vizu\u00e1ln\u00ed identitu a pom\u016f\u017eeme v\u00e1m s vytvo\u0159en\u00edm marketingov\u00e9 strategie na m\u00edru. Slu\u017eby Mezi na\u0161e hlavn\u00ed slu\u017eby pat\u0159\u00ed p\u0159edev\u0161\u00edm: tvorba merketingov\u00fdch strategi\u00ed tvorba grafiky pro r\u016fzn\u00e9 \u00fa\u010dely tvorba vizu\u00e1ln\u00ed identity spole\u010dnost\u00ed konzultace k individu\u00e1ln\u00edm projekt\u016fm [&hellip;]<\/p>\n","protected":false},"author":1,"featured_media":0,"parent":0,"menu_order":0,"comment_status":"closed","ping_status":"closed","template":"","meta":{"footnotes":""},"class_list":["post-10","page","type-page","status-publish","hentry"],"_links":{"self":[{"href":"https:\/\/www.jprogressgroup.cz\/index.php?rest_route=\/wp\/v2\/pages\/10","targetHints":{"allow":["GET"]}}],"collection":[{"href":"https:\/\/www.jprogressgroup.cz\/index.php?rest_route=\/wp\/v2\/pages"}],"about":[{"href":"https:\/\/www.jprogressgroup.cz\/index.php?rest_route=\/wp\/v2\/types\/page"}],"author":[{"embeddable":true,"href":"https:\/\/www.jprogressgroup.cz\/index.php?rest_route=\/wp\/v2\/users\/1"}],"replies":[{"embeddable":true,"href":"https:\/\/www.jprogressgroup.cz\/index.php?rest_route=%2Fwp%2Fv2%2Fcomments&post=10"}],"version-history":[{"count":20,"href":"https:\/\/www.jprogressgroup.cz\/index.php?rest_route=\/wp\/v2\/pages\/10\/revisions"}],"predecessor-version":[{"id":61,"href":"https:\/\/www.jprogressgroup.cz\/index.php?rest_route=\/wp\/v2\/pages\/10\/revisions\/61"}],"wp:attachment":[{"href":"https:\/\/www.jprogressgroup.cz\/index.php?rest_route=%2Fwp%2Fv2%2Fmedia&parent=10"}],"curies":[{"name":"wp","href":"https:\/\/api.w.org\/{rel}","templated":true}]}}